{"id":50,"date":"2013-11-14T23:29:14","date_gmt":"2013-11-14T23:29:14","guid":{"rendered":"http:\/\/coupe-froid.com\/3030\/?page_id=50"},"modified":"2026-02-17T20:42:25","modified_gmt":"2026-02-18T01:42:25","slug":"index","status":"publish","type":"page","link":"https:\/\/coupe-froid.com\/en\/","title":{"rendered":"Accueil"},"content":{"rendered":"<h1>Coupe-Froid Lapointe Inc. vous souhaite la bienvenue !<\/h1>\n<p>Le site contient une s\u00e9lection unique des meilleurs coupe-froid de silicone pour l\u2019industrie des portes et des fen\u00eatres en bois. Ces coupe-froid demeurent flexibles m\u00eame \u00e0 basse temp\u00e9rature, ainsi qu\u2019\u00e0 l\u2019action r\u00e9p\u00e9t\u00e9e d\u2019ouverture et de fermeture des portes et des fen\u00eatres.<\/p>\n<p><strong>*Nous sommes toujours ouvert en 2026, vous pouvez nous joindre par courriel ou par t\u00e9l\u00e9phone pour avoir plus de renseignements ou prendre rendez-vous.*<\/strong><\/p>\n<div class=\"one_half\">\n<h2>Profil d&#8217;Entreprise<\/h2>\n<p>Coupe-Froid Lapointe Inc. est une entreprise familiale qui existe depuis 1964. Nous sommes sp\u00e9cialis\u00e9s dans la pose et la vente de coupe-froid de silicone pour les portes et les fen\u00eatres de bois, tant au niveau commercial que r\u00e9sidentiel.<\/div> <div class=\"one_half last_column\">\n<h2>Mission<\/h2>\n<p>Fournir des produits ayant une performance et une durabilit\u00e9 sup\u00e9rieure, ainsi qu\u2019un suivi technique, si d\u00e9sir\u00e9, dans l\u2019ex\u00e9cution de vos projets. Vous encouragez \u00e0 conserver vos anciennes fen\u00eatres ou vos anciennes portes de bois afin de conserver la valeur patrimoniale de votre r\u00e9sidence.Vous d\u00e9montrez qu\u2019il est possible d\u2019am\u00e9liorer le rendement \u00e9nerg\u00e9tique de vos fen\u00eatres et de vos portes de bois en installant un coupe-froid de silicone. Ces produits rencontrent les exigences tant Europ\u00e9enne que Nord-Am\u00e9ricaine chez les manufacturiers de portes et de fen\u00eatres.<\/div>\n","protected":false},"excerpt":{"rendered":"<p>Coupe-Froid Lapointe Inc. vous souhaite la bienvenue ! Le site contient une s\u00e9lection unique des meilleurs coupe-froid de silicone pour l\u2019industrie des portes et des fen\u00eatres en bois. Ces coupe-froid demeurent flexibles m\u00eame \u00e0 basse temp\u00e9rature, ainsi qu\u2019\u00e0 l\u2019action r\u00e9p\u00e9t\u00e9e d\u2019ouverture et de fermeture des portes et<\/p>\n","protected":false},"author":2,"featured_media":0,"parent":0,"menu_order":0,"comment_status":"closed","ping_status":"closed","template":"page-FullWidth.php","meta":{"footnotes":""},"class_list":["post-50","page","type-page","status-publish","hentry"],"aioseo_notices":[],"_links":{"self":[{"href":"https:\/\/coupe-froid.com\/en\/wp-json\/wp\/v2\/pages\/50","targetHints":{"allow":["GET"]}}],"collection":[{"href":"https:\/\/coupe-froid.com\/en\/wp-json\/wp\/v2\/pages"}],"about":[{"href":"https:\/\/coupe-froid.com\/en\/wp-json\/wp\/v2\/types\/page"}],"author":[{"embeddable":true,"href":"https:\/\/coupe-froid.com\/en\/wp-json\/wp\/v2\/users\/2"}],"replies":[{"embeddable":true,"href":"https:\/\/coupe-froid.com\/en\/wp-json\/wp\/v2\/comments?post=50"}],"version-history":[{"count":8,"href":"https:\/\/coupe-froid.com\/en\/wp-json\/wp\/v2\/pages\/50\/revisions"}],"predecessor-version":[{"id":536,"href":"https:\/\/coupe-froid.com\/en\/wp-json\/wp\/v2\/pages\/50\/revisions\/536"}],"wp:attachment":[{"href":"https:\/\/coupe-froid.com\/en\/wp-json\/wp\/v2\/media?parent=50"}],"curies":[{"name":"wp","href":"https:\/\/api.w.org\/{rel}","templated":true}]}}